{"id":2127,"date":"2025-06-28T16:24:16","date_gmt":"2025-06-28T15:24:16","guid":{"rendered":"https:\/\/maissilva.com\/?page_id=2127"},"modified":"2026-01-15T16:20:31","modified_gmt":"2026-01-15T16:20:31","slug":"artistas","status":"publish","type":"page","link":"https:\/\/maissilva.com\/en\/artistas\/","title":{"rendered":"ARTISTS"},"content":{"rendered":"<h1 class=\"wp-block-heading alignfull\" style=\"margin-top:var(--wp--preset--spacing--20);margin-right:0;margin-bottom:var(--wp--preset--spacing--20);margin-left:0;padding-top:var(--wp--preset--spacing--60);padding-right:0.7rem;padding-bottom:var(--wp--preset--spacing--20);padding-left:0.7rem\">ARTISTS<\/h1>\n\n\n\n<h1 class=\"wp-block-heading has-text-align-left has-ast-global-color-0-color has-text-color has-link-color wp-elements-2fa2b0b01cfd11f656df9a2175ef679f\" style=\"margin-top:2px;margin-bottom:2px;margin-left:0px;padding-top:0;padding-bottom:0;padding-left:11px;font-size:17px;letter-spacing:0.25px\"><a href=\"https:\/\/maissilva.com\/en\/juliana-campos\/\" data-type=\"page\" data-id=\"2039\">JULIANA CAMPOS<\/a><\/h1>\n\n\n\n<h1 class=\"wp-block-heading has-text-align-left has-ast-global-color-0-color has-text-color has-link-color wp-elements-0d848b63a4d1a362f436e38e680e65d7\" style=\"margin-top:2px;margin-bottom:2px;margin-left:0px;padding-top:0;padding-bottom:0;padding-left:11px;font-size:17px;letter-spacing:0.25px\"><a href=\"https:\/\/maissilva.com\/en\/mattia-denisse\/\" data-type=\"page\" data-id=\"1480\">MATTIA DENISSE<\/a><\/h1>\n\n\n\n<h1 class=\"wp-block-heading has-text-align-left has-ast-global-color-0-color has-text-color has-link-color wp-elements-2c8f24751ae72feb47541282569f43e4\" style=\"margin-top:2px;margin-bottom:2px;margin-left:0px;padding-top:0;padding-bottom:0;padding-left:11px;font-size:17px;letter-spacing:0.25px\"><a href=\"https:\/\/maissilva.com\/en\/barbara-faden\/\" data-type=\"page\" data-id=\"3291\">B\u00c1RBARA FADEN<\/a><\/h1>\n\n\n\n<h1 class=\"wp-block-heading has-text-align-left has-ast-global-color-0-color has-text-color has-link-color wp-elements-7dd281c4955f56ef182f088e32a468ef\" style=\"margin-top:2px;margin-bottom:2px;margin-left:0px;padding-top:0;padding-bottom:0;padding-left:11px;font-size:17px;letter-spacing:0.25px\"><a href=\"https:\/\/maissilva.com\/en\/artistas\/pedro-franca\/\" data-type=\"page\" data-id=\"4207\">PEDRO FRAN\u00c7A<\/a><\/h1>\n\n\n\n<h1 class=\"wp-block-heading has-text-align-left has-ast-global-color-0-color has-text-color has-link-color wp-elements-38460bf5a0ee354c5b554b623eb68cf7\" style=\"margin-top:2px;margin-bottom:2px;margin-left:0px;padding-top:0;padding-bottom:0;padding-left:11px;font-size:17px;letter-spacing:0.25px\"><a href=\"https:\/\/maissilva.com\/en\/dalila-goncalves\/\" data-type=\"page\" data-id=\"3373\">DALILA GON\u00c7ALVES<\/a><\/h1>\n\n\n\n<h1 class=\"wp-block-heading has-text-align-left has-ast-global-color-0-color has-text-color has-link-color wp-elements-2f1e0e819b2eee21df3f88a101c21216\" style=\"margin-top:2px;margin-bottom:2px;margin-left:0px;padding-top:0;padding-bottom:0;padding-left:11px;font-size:17px;letter-spacing:0.25px\"><a href=\"https:\/\/maissilva.com\/en\/virginia-mota\/\" data-type=\"link\" data-id=\"https:\/\/maissilva.com\/virginia-mota\/\">VIRG\u00cdNIA MOTA<\/a><\/h1>\n\n\n\n<h1 class=\"wp-block-heading has-text-align-left has-ast-global-color-0-color has-text-color has-link-color wp-elements-120b75bb902d6fdf03a1085bd754ea84\" style=\"margin-top:2px;margin-bottom:2px;margin-left:0px;padding-top:0;padding-bottom:0;padding-left:11px;font-size:17px;letter-spacing:0.25px\"><a href=\"https:\/\/maissilva.com\/en\/francisco-pedro-oliveira\/\" data-type=\"link\" data-id=\"https:\/\/maissilva.com\/francisco-pedro-oliveira\/\">FRANCISCO PEDRO OLIVEIRA<\/a><\/h1>\n\n\n\n<h1 class=\"wp-block-heading has-text-align-left has-ast-global-color-0-color has-text-color has-link-color wp-elements-5882c76cc49460999b68c12a63ca4e5b\" style=\"margin-top:2px;margin-bottom:2px;margin-left:0px;padding-top:0;padding-bottom:0;padding-left:11px;font-size:17px;letter-spacing:0.25px\"><a href=\"https:\/\/maissilva.com\/en\/fernando-marques-penteado\/\" data-type=\"page\" data-id=\"484\">FERNANDO MARQUES PENTEADO<\/a><\/h1>\n\n\n\n<h1 class=\"wp-block-heading has-text-align-left has-ast-global-color-0-color has-text-color has-link-color wp-elements-b5514f71fbbf9e22e798d70b5a4ac84f\" style=\"margin-top:2px;margin-bottom:2px;margin-left:0px;padding-top:0;padding-bottom:0;padding-left:11px;font-size:17px;letter-spacing:0.25px\"><a href=\"https:\/\/maissilva.com\/en\/andre-principe\/\" data-type=\"page\" data-id=\"1283\">ANDR\u00c9 PR\u00cdNCIPE<\/a><\/h1>\n\n\n\n<div style=\"height:499px\" aria-hidden=\"true\" class=\"wp-block-spacer\"><\/div>\n\n\n\n<p class=\"wp-block-paragraph\"><\/p>","protected":false},"excerpt":{"rendered":"<p>ARTISTAS JULIANA CAMPOS MATTIA DENISSE B\u00c1RBARA FADEN PEDRO FRAN\u00c7A DALILA GON\u00c7ALVES VIRG\u00cdNIA MOTA FRANCISCO PEDRO OLIVEIRA FERNANDO MARQUES PENTEADO ANDR\u00c9 [&hellip;]<\/p>\n","protected":false},"author":261956866,"featured_media":0,"parent":0,"menu_order":1,"comment_status":"closed","ping_status":"closed","template":"page-without-sidebar","meta":{"_crdt_document":"","_uag_custom_page_level_css":"","site-sidebar-layout":"default","site-content-layout":"","ast-site-content-layout":"default","site-content-style":"default","site-sidebar-style":"default","ast-global-header-display":"","ast-banner-title-visibility":"","ast-main-header-display":"","ast-hfb-above-header-display":"","ast-hfb-below-header-display":"","ast-hfb-mobile-header-display":"","site-post-title":"disabled","ast-breadcrumbs-content":"","ast-featured-img":"","footer-sml-layout":"","theme-transparent-header-meta":"","adv-header-id-meta":"","stick-header-meta":"","header-above-stick-meta":"","header-main-stick-meta":"","header-below-stick-meta":"","astra-migrate-meta-layouts":"default","ast-page-background-enabled":"default","ast-page-background-meta":{"desktop":{"background-color":"var(--ast-global-color-5)","background-image":"","background-repeat":"repeat","background-position":"center center","background-size":"auto","background-attachment":"scroll","background-type":"","background-media":"","overlay-type":"","overlay-color":"","overlay-opacity":"","overlay-gradient":""},"tablet":{"background-color":"","background-image":"","background-repeat":"repeat","background-position":"center center","background-size":"auto","background-attachment":"scroll","background-type":"","background-media":"","overlay-type":"","overlay-color":"","overlay-opacity":"","overlay-gradient":""},"mobile":{"background-color":"","background-image":"","background-repeat":"repeat","background-position":"center center","background-size":"auto","background-attachment":"scroll","background-type":"","background-media":"","overlay-type":"","overlay-color":"","overlay-opacity":"","overlay-gradient":""}},"ast-content-background-meta":{"desktop":{"background-color":"var(--ast-global-color-4)","background-image":"","background-repeat":"repeat","background-position":"center center","background-size":"auto","background-attachment":"scroll","background-type":"","background-media":"","overlay-type":"","overlay-color":"","overlay-opacity":"","overlay-gradient":""},"tablet":{"background-color":"var(--ast-global-color-4)","background-image":"","background-repeat":"repeat","background-position":"center center","background-size":"auto","background-attachment":"scroll","background-type":"","background-media":"","overlay-type":"","overlay-color":"","overlay-opacity":"","overlay-gradient":""},"mobile":{"background-color":"var(--ast-global-color-4)","background-image":"","background-repeat":"repeat","background-position":"center center","background-size":"auto","background-attachment":"scroll","background-type":"","background-media":"","overlay-type":"","overlay-color":"","overlay-opacity":"","overlay-gradient":""}},"advanced_seo_description":"","jetpack_seo_html_title":"","jetpack_seo_noindex":false,"footnotes":""},"class_list":["post-2127","page","type-page","status-publish","hentry"],"uagb_featured_image_src":{"full":false,"thumbnail":false,"medium":false,"medium_large":false,"large":false,"1536x1536":false,"2048x2048":false,"trp-custom-language-flag":false,"newspack-article-block-landscape-large":false,"newspack-article-block-portrait-large":false,"newspack-article-block-square-large":false,"newspack-article-block-landscape-medium":false,"newspack-article-block-portrait-medium":false,"newspack-article-block-square-medium":false,"newspack-article-block-landscape-intermediate":false,"newspack-article-block-portrait-intermediate":false,"newspack-article-block-square-intermediate":false,"newspack-article-block-landscape-small":false,"newspack-article-block-portrait-small":false,"newspack-article-block-square-small":false,"newspack-article-block-landscape-tiny":false,"newspack-article-block-portrait-tiny":false,"newspack-article-block-square-tiny":false,"newspack-article-block-uncropped":false},"uagb_author_info":{"display_name":"galleryc786b5a476","author_link":"https:\/\/maissilva.com\/en\/author\/galleryc786b5a476\/"},"uagb_comment_info":0,"uagb_excerpt":"ARTISTAS JULIANA CAMPOS MATTIA DENISSE B\u00c1RBARA FADEN PEDRO FRAN\u00c7A DALILA GON\u00c7ALVES VIRG\u00cdNIA MOTA FRANCISCO PEDRO OLIVEIRA FERNANDO MARQUES PENTEADO ANDR\u00c9 [&hellip;]","jetpack_likes_enabled":true,"jetpack_sharing_enabled":true,"jetpack_shortlink":"https:\/\/wp.me\/PglIbe-yj","_links":{"self":[{"href":"https:\/\/maissilva.com\/en\/wp-json\/wp\/v2\/pages\/2127","targetHints":{"allow":["GET"]}}],"collection":[{"href":"https:\/\/maissilva.com\/en\/wp-json\/wp\/v2\/pages"}],"about":[{"href":"https:\/\/maissilva.com\/en\/wp-json\/wp\/v2\/types\/page"}],"author":[{"embeddable":true,"href":"https:\/\/maissilva.com\/en\/wp-json\/wp\/v2\/users\/261956866"}],"replies":[{"embeddable":true,"href":"https:\/\/maissilva.com\/en\/wp-json\/wp\/v2\/comments?post=2127"}],"version-history":[{"count":24,"href":"https:\/\/maissilva.com\/en\/wp-json\/wp\/v2\/pages\/2127\/revisions"}],"predecessor-version":[{"id":6283,"href":"https:\/\/maissilva.com\/en\/wp-json\/wp\/v2\/pages\/2127\/revisions\/6283"}],"wp:attachment":[{"href":"https:\/\/maissilva.com\/en\/wp-json\/wp\/v2\/media?parent=2127"}],"curies":[{"name":"wp","href":"https:\/\/api.w.org\/{rel}","templated":true}]}}